{"id":47,"date":"2025-10-12T18:05:43","date_gmt":"2025-10-12T16:05:43","guid":{"rendered":"https:\/\/baenkersstudio.no\/?page_id=47"},"modified":"2025-11-17T19:37:35","modified_gmt":"2025-11-17T18:37:35","slug":"om-oss","status":"publish","type":"page","link":"https:\/\/baenkersstudio.no\/?page_id=47","title":{"rendered":"Om oss"},"content":{"rendered":"\n<div class=\"wp-block-group alignfull has-accent-background-color has-background has-global-padding is-layout-constrained wp-container-core-group-is-layout-669513ed wp-block-group-is-layout-constrained\" style=\"margin-top:0;margin-bottom:0;padding-top:var(--wp--preset--spacing--50);padding-right:var(--wp--preset--spacing--50);padding-bottom:var(--wp--preset--spacing--50);padding-left:var(--wp--preset--spacing--50)\">\n<div class=\"wp-block-columns alignwide is-layout-flex wp-container-core-columns-is-layout-1da03c2a wp-block-columns-is-layout-flex\">\n<div class=\"wp-block-column is-vertically-aligned-stretch is-layout-flow wp-block-column-is-layout-flow\" style=\"flex-basis:50%\">\n<div class=\"wp-block-group is-vertical is-content-justification-stretch is-layout-flex wp-container-core-group-is-layout-444d5ee8 wp-block-group-is-layout-flex\" style=\"min-height:100%\">\n<p class=\"has-custom-tekst-color has-text-color has-link-color has-medium-font-size wp-elements-1ba904323a17f72c75cc2c46514c4252\" style=\"line-height:1.5\">B\u00e6nkers Studio SB er en studentbedrift og et markedsf\u00f8ringsbyr\u00e5 startet av fem bachelorstudenter i digital markedsf\u00f8ring ved H\u00f8yskolen Kristiania. Vi tilbyr rimelige og m\u00e5lrettede markedsf\u00f8ringstjenester, alltid oppdatert p\u00e5 de nyeste trendene. Vi har spisskompetanse p\u00e5 SoMe-kanalene Instagram, TikTok og Snapchat, men hjelper gjerne med andre digitale flater ogs\u00e5. Som et ungt og fleksibelt team samarbeider vi tett og tilpasser oss raskt kundens behov. Hos oss f\u00e5r du kreative l\u00f8sninger som engasjerer, og n\u00e5r vi sier vi leverer, s\u00e5 er det faktisk B\u00e6nkers!<\/p>\n<\/div>\n<\/div>\n\n\n\n<div class=\"wp-block-column is-vertically-aligned-center is-layout-flow wp-block-column-is-layout-flow\" style=\"flex-basis:50%\">\n<figure class=\"wp-block-image size-large is-style-rounded is-style-rounded--1\"><img fetchpriority=\"high\" decoding=\"async\" width=\"473\" height=\"1024\" src=\"https:\/\/baenkersstudio.no\/wp-content\/uploads\/2025\/10\/bae6932e-f28a-40a5-b5d2-d645096abde9-473x1024.jpg\" alt=\"\" class=\"wp-image-136\" style=\"aspect-ratio:3\/4;object-fit:cover\" srcset=\"https:\/\/baenkersstudio.no\/wp-content\/uploads\/2025\/10\/bae6932e-f28a-40a5-b5d2-d645096abde9-473x1024.jpg 473w, https:\/\/baenkersstudio.no\/wp-content\/uploads\/2025\/10\/bae6932e-f28a-40a5-b5d2-d645096abde9-139x300.jpg 139w, https:\/\/baenkersstudio.no\/wp-content\/uploads\/2025\/10\/bae6932e-f28a-40a5-b5d2-d645096abde9-768x1662.jpg 768w, https:\/\/baenkersstudio.no\/wp-content\/uploads\/2025\/10\/bae6932e-f28a-40a5-b5d2-d645096abde9-710x1536.jpg 710w, https:\/\/baenkersstudio.no\/wp-content\/uploads\/2025\/10\/bae6932e-f28a-40a5-b5d2-d645096abde9-600x1298.jpg 600w, https:\/\/baenkersstudio.no\/wp-content\/uploads\/2025\/10\/bae6932e-f28a-40a5-b5d2-d645096abde9.jpg 946w\" sizes=\"(max-width: 473px) 100vw, 473px\" \/><\/figure>\n<\/div>\n<\/div>\n<\/div>\n\n\n\n<div class=\"wp-block-group alignfull has-custom-korall-background-color has-background has-global-padding is-layout-constrained wp-container-core-group-is-layout-669513ed wp-block-group-is-layout-constrained\" style=\"margin-top:0;margin-bottom:0;padding-top:var(--wp--preset--spacing--50);padding-right:var(--wp--preset--spacing--50);padding-bottom:var(--wp--preset--spacing--50);padding-left:var(--wp--preset--spacing--50)\">\n<div class=\"wp-block-group is-vertical is-content-justification-center is-layout-flex wp-container-core-group-is-layout-ce155fab wp-block-group-is-layout-flex\">\n<h2 class=\"wp-block-heading has-text-align-center has-xx-large-font-size\">B\u00e6nkers folk<\/h2>\n\n\n\n<p class=\"has-text-align-center\">M\u00f8t teamet som gj\u00f8r markedsf\u00f8ring forst\u00e5elig, rimelig og gjennomf\u00f8rbart for deg og din bedrift!<\/p>\n<\/div>\n\n\n\n<div style=\"height:var(--wp--preset--spacing--30)\" aria-hidden=\"true\" class=\"wp-block-spacer\"><\/div>\n\n\n\n<div class=\"wp-block-columns alignwide is-layout-flex wp-container-core-columns-is-layout-4935966c wp-block-columns-is-layout-flex\" style=\"padding-right:0;padding-left:0\">\n<div class=\"wp-block-column is-layout-flow wp-block-column-is-layout-flow\">\n<figure class=\"wp-block-image size-full is-style-rounded is-style-rounded--2\"><img decoding=\"async\" width=\"1536\" height=\"2048\" src=\"https:\/\/baenkersstudio.no\/wp-content\/uploads\/2025\/10\/0a5fc8c5-54a2-464d-9593-a897deaae680-1.jpg\" alt=\"\" class=\"wp-image-44\" style=\"aspect-ratio:1;object-fit:cover\" srcset=\"https:\/\/baenkersstudio.no\/wp-content\/uploads\/2025\/10\/0a5fc8c5-54a2-464d-9593-a897deaae680-1.jpg 1536w, https:\/\/baenkersstudio.no\/wp-content\/uploads\/2025\/10\/0a5fc8c5-54a2-464d-9593-a897deaae680-1-225x300.jpg 225w, https:\/\/baenkersstudio.no\/wp-content\/uploads\/2025\/10\/0a5fc8c5-54a2-464d-9593-a897deaae680-1-768x1024.jpg 768w, https:\/\/baenkersstudio.no\/wp-content\/uploads\/2025\/10\/0a5fc8c5-54a2-464d-9593-a897deaae680-1-1152x1536.jpg 1152w, https:\/\/baenkersstudio.no\/wp-content\/uploads\/2025\/10\/0a5fc8c5-54a2-464d-9593-a897deaae680-1-600x800.jpg 600w, https:\/\/baenkersstudio.no\/wp-content\/uploads\/2025\/10\/0a5fc8c5-54a2-464d-9593-a897deaae680-1-1200x1600.jpg 1200w\" sizes=\"(max-width: 1536px) 100vw, 1536px\" \/><\/figure>\n\n\n\n<div class=\"wp-block-group is-vertical is-content-justification-center is-nowrap is-layout-flex wp-container-core-group-is-layout-21d4e958 wp-block-group-is-layout-flex\">\n<p class=\"has-text-align-center has-small-font-size\"><strong>Leah Ranglund<\/strong><\/p>\n\n\n\n<p class=\"has-text-align-center has-small-font-size\">Daglig leder og prosjektansvarlig.<\/p>\n\n\n\n<p class=\"has-text-align-center has-small-font-size\"><a href=\"mailto:leah@baenkersstudio.no\" data-type=\"mailto\" data-id=\"mailto:leah@baenkersstudio.no\">Leah@baenkersstudio.no<\/a><\/p>\n<\/div>\n<\/div>\n\n\n\n<div class=\"wp-block-column is-layout-flow wp-block-column-is-layout-flow\">\n<figure class=\"wp-block-image size-full is-style-rounded is-style-rounded--3\"><img decoding=\"async\" width=\"1536\" height=\"2048\" src=\"https:\/\/baenkersstudio.no\/wp-content\/uploads\/2025\/10\/a58d6e89-ca08-4343-85f6-93c4b4367bd9.jpg\" alt=\"\" class=\"wp-image-27\" style=\"aspect-ratio:1;object-fit:cover\" srcset=\"https:\/\/baenkersstudio.no\/wp-content\/uploads\/2025\/10\/a58d6e89-ca08-4343-85f6-93c4b4367bd9.jpg 1536w, https:\/\/baenkersstudio.no\/wp-content\/uploads\/2025\/10\/a58d6e89-ca08-4343-85f6-93c4b4367bd9-225x300.jpg 225w, https:\/\/baenkersstudio.no\/wp-content\/uploads\/2025\/10\/a58d6e89-ca08-4343-85f6-93c4b4367bd9-768x1024.jpg 768w, https:\/\/baenkersstudio.no\/wp-content\/uploads\/2025\/10\/a58d6e89-ca08-4343-85f6-93c4b4367bd9-1152x1536.jpg 1152w, https:\/\/baenkersstudio.no\/wp-content\/uploads\/2025\/10\/a58d6e89-ca08-4343-85f6-93c4b4367bd9-600x800.jpg 600w, https:\/\/baenkersstudio.no\/wp-content\/uploads\/2025\/10\/a58d6e89-ca08-4343-85f6-93c4b4367bd9-1200x1600.jpg 1200w\" sizes=\"(max-width: 1536px) 100vw, 1536px\" \/><\/figure>\n\n\n\n<div class=\"wp-block-group is-vertical is-content-justification-center is-nowrap is-layout-flex wp-container-core-group-is-layout-63bfd6c1 wp-block-group-is-layout-flex\">\n<p class=\"has-text-align-center has-small-font-size\"><strong>Anders Hollekim<\/strong><\/p>\n\n\n\n<p class=\"has-text-align-center has-small-font-size\">Strategi- og produktansvarlig.<\/p>\n\n\n\n<p class=\"has-text-align-center has-small-font-size\"><a href=\"Anders@baenkersstudio.no\">Anders@baenkersstudio.no<\/a><\/p>\n<\/div>\n<\/div>\n\n\n\n<div class=\"wp-block-column is-layout-flow wp-block-column-is-layout-flow\">\n<figure class=\"wp-block-image size-full is-style-rounded is-style-rounded--4\"><img loading=\"lazy\" decoding=\"async\" width=\"1536\" height=\"2048\" src=\"https:\/\/baenkersstudio.no\/wp-content\/uploads\/2025\/10\/dab0305a-8ddf-4f85-b70a-62b8ecb9dd0b-2.jpg\" alt=\"\" class=\"wp-image-90\" style=\"aspect-ratio:1;object-fit:cover\" srcset=\"https:\/\/baenkersstudio.no\/wp-content\/uploads\/2025\/10\/dab0305a-8ddf-4f85-b70a-62b8ecb9dd0b-2.jpg 1536w, https:\/\/baenkersstudio.no\/wp-content\/uploads\/2025\/10\/dab0305a-8ddf-4f85-b70a-62b8ecb9dd0b-2-225x300.jpg 225w, https:\/\/baenkersstudio.no\/wp-content\/uploads\/2025\/10\/dab0305a-8ddf-4f85-b70a-62b8ecb9dd0b-2-768x1024.jpg 768w, https:\/\/baenkersstudio.no\/wp-content\/uploads\/2025\/10\/dab0305a-8ddf-4f85-b70a-62b8ecb9dd0b-2-1152x1536.jpg 1152w, https:\/\/baenkersstudio.no\/wp-content\/uploads\/2025\/10\/dab0305a-8ddf-4f85-b70a-62b8ecb9dd0b-2-600x800.jpg 600w, https:\/\/baenkersstudio.no\/wp-content\/uploads\/2025\/10\/dab0305a-8ddf-4f85-b70a-62b8ecb9dd0b-2-1200x1600.jpg 1200w\" sizes=\"(max-width: 1536px) 100vw, 1536px\" \/><\/figure>\n\n\n\n<div class=\"wp-block-group is-vertical is-content-justification-center is-nowrap is-layout-flex wp-container-core-group-is-layout-63bfd6c1 wp-block-group-is-layout-flex\">\n<p class=\"has-text-align-center has-small-font-size\"><strong>Marthe N\u00e6ss<\/strong><\/p>\n\n\n\n<p class=\"has-text-align-center has-small-font-size\">Leder for CRM og kundeopplevelse.<\/p>\n\n\n\n<p class=\"has-text-align-center has-small-font-size\"><a href=\"Marthe@baenkersstudio.no\">Marthe@baenkersstudio.no<\/a><\/p>\n<\/div>\n<\/div>\n\n\n\n<div class=\"wp-block-column is-layout-flow wp-block-column-is-layout-flow\">\n<figure class=\"wp-block-image size-full is-style-rounded is-style-rounded--5\"><img loading=\"lazy\" decoding=\"async\" width=\"1536\" height=\"2048\" src=\"https:\/\/baenkersstudio.no\/wp-content\/uploads\/2025\/10\/495267837_1259471959121849_7162540160050118267_n.jpg\" alt=\"\" class=\"wp-image-36\" style=\"aspect-ratio:1;object-fit:cover\" srcset=\"https:\/\/baenkersstudio.no\/wp-content\/uploads\/2025\/10\/495267837_1259471959121849_7162540160050118267_n.jpg 1536w, https:\/\/baenkersstudio.no\/wp-content\/uploads\/2025\/10\/495267837_1259471959121849_7162540160050118267_n-225x300.jpg 225w, https:\/\/baenkersstudio.no\/wp-content\/uploads\/2025\/10\/495267837_1259471959121849_7162540160050118267_n-768x1024.jpg 768w, https:\/\/baenkersstudio.no\/wp-content\/uploads\/2025\/10\/495267837_1259471959121849_7162540160050118267_n-1152x1536.jpg 1152w, https:\/\/baenkersstudio.no\/wp-content\/uploads\/2025\/10\/495267837_1259471959121849_7162540160050118267_n-600x800.jpg 600w, https:\/\/baenkersstudio.no\/wp-content\/uploads\/2025\/10\/495267837_1259471959121849_7162540160050118267_n-1200x1600.jpg 1200w\" sizes=\"(max-width: 1536px) 100vw, 1536px\" \/><\/figure>\n\n\n\n<div class=\"wp-block-group is-vertical is-content-justification-center is-nowrap is-layout-flex wp-container-core-group-is-layout-21d4e958 wp-block-group-is-layout-flex\">\n<p class=\"has-text-align-center has-small-font-size\"><strong>Angelica Maria Jordan<\/strong><\/p>\n\n\n\n<p class=\"has-text-align-center has-small-font-size\">Innholdsprodusent.<\/p>\n\n\n\n<p class=\"has-text-align-center has-small-font-size\"><a href=\"Angelica@baenkersstudio.no\">Angelica@baenkersstudio.no<\/a><\/p>\n<\/div>\n<\/div>\n\n\n\n<div class=\"wp-block-column is-layout-flow wp-block-column-is-layout-flow\">\n<div class=\"wp-block-group is-vertical is-content-justification-center is-layout-flex wp-container-core-group-is-layout-6363bf74 wp-block-group-is-layout-flex\">\n<figure class=\"wp-block-image size-large is-style-rounded is-style-rounded--6\"><img loading=\"lazy\" decoding=\"async\" width=\"771\" height=\"1024\" src=\"https:\/\/baenkersstudio.no\/wp-content\/uploads\/2025\/10\/562881023_821424560390009_1955087686346626175_n-771x1024.jpg\" alt=\"\" class=\"wp-image-92\" style=\"aspect-ratio:1;object-fit:cover\" srcset=\"https:\/\/baenkersstudio.no\/wp-content\/uploads\/2025\/10\/562881023_821424560390009_1955087686346626175_n-771x1024.jpg 771w, https:\/\/baenkersstudio.no\/wp-content\/uploads\/2025\/10\/562881023_821424560390009_1955087686346626175_n-226x300.jpg 226w, https:\/\/baenkersstudio.no\/wp-content\/uploads\/2025\/10\/562881023_821424560390009_1955087686346626175_n-768x1020.jpg 768w, https:\/\/baenkersstudio.no\/wp-content\/uploads\/2025\/10\/562881023_821424560390009_1955087686346626175_n-1156x1536.jpg 1156w, https:\/\/baenkersstudio.no\/wp-content\/uploads\/2025\/10\/562881023_821424560390009_1955087686346626175_n-600x797.jpg 600w, https:\/\/baenkersstudio.no\/wp-content\/uploads\/2025\/10\/562881023_821424560390009_1955087686346626175_n.jpg 1170w\" sizes=\"(max-width: 771px) 100vw, 771px\" \/><\/figure>\n\n\n\n<div class=\"wp-block-columns is-layout-flex wp-container-core-columns-is-layout-28f84493 wp-block-columns-is-layout-flex\">\n<div class=\"wp-block-column is-layout-flow wp-block-column-is-layout-flow\" style=\"flex-basis:100%\">\n<p class=\"has-small-font-size\"><strong>Julie Almsk\u00e5r<\/strong><\/p>\n<\/div>\n<\/div>\n\n\n\n<div class=\"wp-block-group is-vertical is-layout-flex wp-container-core-group-is-layout-fe9cc265 wp-block-group-is-layout-flex\">\n<p class=\"has-text-align-center has-small-font-size\">Analytisk ekspert.<\/p>\n\n\n\n<p class=\"has-text-align-center has-small-font-size\"><a href=\"Julie@baenkersstudio.no\">Julie@baenkersstudio.no<\/a><\/p>\n<\/div>\n<\/div>\n<\/div>\n<\/div>\n<\/div>\n\n\n\n<div class=\"wp-block-group alignfull has-global-padding is-content-justification-left is-layout-constrained wp-container-core-group-is-layout-598bffc8 wp-block-group-is-layout-constrained\" style=\"margin-top:0;margin-bottom:0;padding-top:var(--wp--preset--spacing--50);padding-right:var(--wp--preset--spacing--50);padding-bottom:var(--wp--preset--spacing--50);padding-left:var(--wp--preset--spacing--50)\">\n<div style=\"height:var(--wp--preset--spacing--30)\" aria-hidden=\"true\" class=\"wp-block-spacer\"><\/div>\n<\/div>\n\n\n\n<div class=\"wp-block-group alignfull has-accent-5-background-color has-background has-global-padding is-layout-constrained wp-container-core-group-is-layout-d89aad35 wp-block-group-is-layout-constrained\" style=\"margin-top:0;margin-bottom:0;padding-top:var(--wp--preset--spacing--50);padding-right:var(--wp--preset--spacing--50);padding-bottom:var(--wp--preset--spacing--50);padding-left:var(--wp--preset--spacing--50)\">\n<div class=\"wp-block-columns alignwide is-layout-flex wp-container-core-columns-is-layout-1da03c2a wp-block-columns-is-layout-flex\">\n<div class=\"wp-block-column is-vertically-aligned-center is-layout-flow wp-block-column-is-layout-flow\" style=\"flex-basis:60%\">\n<figure class=\"wp-block-image size-full is-style-rounded wp-duotone-duotone-1 is-style-rounded--8\"><img decoding=\"async\" src=\"https:\/\/baenkersstudio.no\/wp-content\/themes\/twentytwentyfour\/assets\/images\/abstract-geometric-art.webp\" alt=\"Hvit abstrakte geometrisk kunstverk fra Dresden, Tyskland\" style=\"aspect-ratio:4\/3;object-fit:cover\"\/><\/figure>\n<\/div>\n\n\n\n<div class=\"wp-block-column is-layout-flow wp-block-column-is-layout-flow\" style=\"flex-basis:40%\">\n<h2 class=\"wp-block-heading\">Veileder din virksomhet gjennom prosjektet<\/h2>\n\n\n\n<p>Experience the fusion of imagination and expertise with \u00c9tudes\u2014the catalyst for architectural transformations that enrich the world around us.<\/p>\n\n\n\n<div class=\"wp-block-buttons is-layout-flex wp-block-buttons-is-layout-flex\">\n<div class=\"wp-block-button\"><a class=\"wp-block-button__link wp-element-button\">V\u00e5re tjenester<\/a><\/div>\n<\/div>\n<\/div>\n<\/div>\n<\/div>\n\n\n\n<div class=\"wp-block-group alignfull has-base-color has-contrast-background-color has-text-color has-background has-link-color wp-elements-5572d26e9972a2af6701691442a244e6 has-global-padding is-layout-constrained wp-container-core-group-is-layout-d89aad35 wp-block-group-is-layout-constrained\" style=\"margin-top:0;margin-bottom:0;padding-top:var(--wp--preset--spacing--50);padding-right:var(--wp--preset--spacing--50);padding-bottom:var(--wp--preset--spacing--50);padding-left:var(--wp--preset--spacing--50)\">\n<h2 class=\"wp-block-heading alignwide has-base-color has-text-color has-link-color wp-elements-c1363876126589a972fe7931fcc0a23a\" style=\"font-size:clamp(4.509rem, 4.509rem + ((1vw - 0.2rem) * 9.152), 10rem);letter-spacing:-0.02em\">FAQer<\/h2>\n\n\n\n<div class=\"wp-block-group alignwide is-layout-flow wp-block-group-is-layout-flow\">\n<hr class=\"wp-block-separator has-text-color has-base-color has-alpha-channel-opacity has-base-background-color has-background is-style-wide\" style=\"margin-top:var(--wp--preset--spacing--30);margin-bottom:var(--wp--preset--spacing--30)\"\/>\n\n\n\n<h3 class=\"wp-block-heading alignwide has-base-2-color has-text-color has-link-color wp-elements-290cedc3f2a33d07822f7516b769a62d\">Jeg har ikke tid til \u00e5 markedsf\u00f8re. Kan dere gj\u00f8re alt for meg?<\/h3>\n\n\n\n<p class=\"has-contrast-1-color has-text-color has-link-color wp-elements-665d94fae3cfe63050f9e36fc95c2869\">Ja! V\u00e5r studentbedrift tilbyr komplette l\u00f8sninger der vi tar oss av hele prosessen: planlegging, innholdsproduksjon, publisering og oppf\u00f8lging. S\u00e5 du f\u00e5r mer tid til \u00e5 fokusere p\u00e5 det du er god p\u00e5.<\/p>\n\n\n\n<hr class=\"wp-block-separator has-text-color has-base-color has-alpha-channel-opacity has-base-background-color has-background is-style-wide\" style=\"margin-top:var(--wp--preset--spacing--30);margin-bottom:var(--wp--preset--spacing--30)\"\/>\n\n\n\n<h3 class=\"wp-block-heading alignwide has-base-2-color has-text-color has-link-color wp-elements-a7688c40ad2f5c3dd9e25d552f2e805d\">Vi kan lite om markedsf\u00f8ring. Passer tjenesten deres for oss?<\/h3>\n\n\n\n<p class=\"has-contrast-1-color has-text-color has-link-color wp-elements-4893ebcb11e05ebafee11bc9c7b2cd2d\">Absolutt! Vi fokuserer p\u00e5 \u00e5 hjelpe bedrifter som ikke har erfaring med markedsf\u00f8ring, og vi forklarer p\u00e5 en enkel m\u00e5te og viser deg hva som vil fungere for din m\u00e5lgruppe.<\/p>\n\n\n\n<hr class=\"wp-block-separator has-text-color has-base-color has-alpha-channel-opacity has-base-background-color has-background is-style-wide\" style=\"margin-top:var(--wp--preset--spacing--30);margin-bottom:var(--wp--preset--spacing--30)\"\/>\n\n\n\n<h3 class=\"wp-block-heading alignwide has-base-2-color has-text-color has-link-color wp-elements-36c5915f9469c7af0324ae9c424a31de\">Hva koster det?<\/h3>\n\n\n\n<p class=\"has-contrast-1-color has-text-color has-link-color wp-elements-2eda1700f7b2220b69a7b96f12425ea6\">Vi holder prisene lave fordi vi er en studentbedrift. Det betyr at du f\u00e5r profesjonelle tjenester til en br\u00f8kdel av markedspris. Pris avhenger av prosjektets st\u00f8rrelse, men vi finner alltid en l\u00f8sning som passer ditt budsjett!<\/p>\n\n\n\n<hr class=\"wp-block-separator has-text-color has-base-color has-alpha-channel-opacity has-base-background-color has-background is-style-wide\" style=\"margin-top:var(--wp--preset--spacing--30);margin-bottom:var(--wp--preset--spacing--30)\"\/>\n\n\n\n<h3 class=\"wp-block-heading alignwide has-base-2-color has-text-color has-link-color wp-elements-8e6703f3aa4b3e08a61a9f8185b96d87\">Hvordan starter vi et samarbeid? <\/h3>\n\n\n\n<p class=\"has-contrast-1-color has-text-color has-link-color wp-elements-f1976afb652af8bf3968699cc4d38ce1\">Du kontakter oss gjennom &laquo;Kontakt B\u00e6nkers&raquo; i menyen p\u00e5 nettsiden v\u00e5r, eller via e-post. Vi tar en kort uforpliktende prat for \u00e5 forst\u00e5 bedriften din, utfordringer og m\u00e5l. Deretter lager vi et forslag og et prisestimat.<\/p>\n\n\n\n<div style=\"margin-top:var(--wp--preset--spacing--10);margin-bottom:0;height:var(--wp--preset--spacing--10)\" aria-hidden=\"true\" class=\"wp-block-spacer\"><\/div>\n<\/div>\n<\/div>\n\n\n\n<p><\/p>\n","protected":false},"excerpt":{"rendered":"<p>B\u00e6nkers Studio SB er en studentbedrift og et markedsf\u00f8ringsbyr\u00e5 startet av fem bachelorstudenter i digital markedsf\u00f8ring ved H\u00f8yskolen Kristiania. Vi tilbyr rimelige og m\u00e5lrettede markedsf\u00f8ringstjenester, alltid oppdatert p\u00e5 de nyeste trendene. Vi har spisskompetanse p\u00e5 SoMe-kanalene Instagram, TikTok og Snapchat, men hjelper gjerne med andre digitale flater ogs\u00e5. Som et ungt og fleksibelt team samarbeider [&hellip;]<\/p>\n","protected":false},"author":1,"featured_media":0,"parent":0,"menu_order":0,"comment_status":"closed","ping_status":"closed","template":"","meta":{"pagelayer_contact_templates":[],"_pagelayer_content":"","footnotes":""},"class_list":["post-47","page","type-page","status-publish","hentry"],"featured_media_urls":[],"_links":{"self":[{"href":"https:\/\/baenkersstudio.no\/index.php?rest_route=\/wp\/v2\/pages\/47","targetHints":{"allow":["GET"]}}],"collection":[{"href":"https:\/\/baenkersstudio.no\/index.php?rest_route=\/wp\/v2\/pages"}],"about":[{"href":"https:\/\/baenkersstudio.no\/index.php?rest_route=\/wp\/v2\/types\/page"}],"author":[{"embeddable":true,"href":"https:\/\/baenkersstudio.no\/index.php?rest_route=\/wp\/v2\/users\/1"}],"replies":[{"embeddable":true,"href":"https:\/\/baenkersstudio.no\/index.php?rest_route=%2Fwp%2Fv2%2Fcomments&post=47"}],"version-history":[{"count":19,"href":"https:\/\/baenkersstudio.no\/index.php?rest_route=\/wp\/v2\/pages\/47\/revisions"}],"predecessor-version":[{"id":187,"href":"https:\/\/baenkersstudio.no\/index.php?rest_route=\/wp\/v2\/pages\/47\/revisions\/187"}],"wp:attachment":[{"href":"https:\/\/baenkersstudio.no\/index.php?rest_route=%2Fwp%2Fv2%2Fmedia&parent=47"}],"curies":[{"name":"wp","href":"https:\/\/api.w.org\/{rel}","templated":true}]}}