{"id":3,"date":"2025-10-08T14:31:40","date_gmt":"2025-10-08T12:31:40","guid":{"rendered":"https:\/\/baenkersstudio.no\/?page_id=3"},"modified":"2025-10-27T15:09:51","modified_gmt":"2025-10-27T14:09:51","slug":"personvernerklaering","status":"publish","type":"page","link":"https:\/\/baenkersstudio.no\/?page_id=3","title":{"rendered":"Personvernerkl\u00e6ring"},"content":{"rendered":"\n<p>Sist oppdatert 27.10.2025<\/p>\n\n\n\n<h2 class=\"wp-block-heading\">Hvem vi er<\/h2>\n\n\n\n<p>Vi i B\u00e6nkers Studio er opptatt av \u00e5 beskytte personopplysningene dine \u2013 med respekt, ansvar og transparens. Denne erkl\u00e6ringen forklarer hvordan vi samler inn, bruker og beskytter informasjonen du gir oss n\u00e5r du bes\u00f8ker nettsiden v\u00e5r https:\/\/baenkersstudio.no.<\/p>\n\n\n\n<h2 class=\"wp-block-heading\">Kommentarer<\/h2>\n\n\n\n<p>N\u00e5r du legger inn kommentarer p\u00e5 nettsiden, lagres informasjonen du oppgir i kommentarskjemaet, samt IP-adressen og nettleserversjonen din. Dette hjelper oss med \u00e5 filtrere bort useri\u00f8se kommentarer.<\/p>\n\n\n\n<p>En anonym tekststreng (hash) basert p\u00e5 e-postadressen din kan bli sendt til Gravatar for \u00e5 sjekke om du har en konto der. Gravatars personvernerkl\u00e6ring finner du <a href=\"https:\/\/automattic.com\/privacy\/\" target=\"_blank\" rel=\"noopener\">her<\/a>. N\u00e5r kommentaren din er godkjent, vil eventuelt profilbilde vises offentlig sammen med kommentaren.<\/p>\n\n\n\n<h2 class=\"wp-block-heading\">Media<\/h2>\n\n\n\n<p>Hvis du laster opp bilder til nettsiden, b\u00f8r du unng\u00e5 \u00e5 inkludere GPS-data (EXIF). Bes\u00f8kende kan hente ut slik informasjon fra bildene.<\/p>\n\n\n\n<h2 class=\"wp-block-heading\">Informasjonskapsler<\/h2>\n\n\n\n<ul class=\"wp-block-list\">\n<li>Ved bes\u00f8k p\u00e5 innloggingssiden opprettes en midlertidig kapsel for \u00e5 sjekke om nettleseren godtar cookies. Den inneholder ingen persondata og slettes n\u00e5r du lukker nettleseren.<\/li>\n\n\n\n<li>Ved innlogging lagres innloggingsinfo og visningsvalg i cookies. Innloggingskapsler varer i to dager (eller to uker hvis du velger \u201cHusk meg\u201d), visningsvalg i ett \u00e5r. Ved utlogging slettes disse.<\/li>\n\n\n\n<li>Ved redigering eller publisering av artikler lagres en ekstra kapsel med artikkel-ID. Den slettes etter \u00e9n dag.<\/li>\n<\/ul>\n\n\n\n<h2 class=\"wp-block-heading\">Innebygd innhold fra andre nettsteder<\/h2>\n\n\n\n<p>Artikler p\u00e5 nettsiden kan inneholde innebygd innhold (f.eks. videoer, bilder, artikler). Dette oppf\u00f8rer seg som om du bes\u00f8ker det opprinnelige nettstedet. Disse kan samle inn data, bruke cookies og spore aktivitet \u2013 spesielt hvis du er logget inn p\u00e5 den eksterne tjenesten.<\/p>\n\n\n\n<h2 class=\"wp-block-heading\">Hvem vi deler dine opplysninger med<\/h2>\n\n\n\n<p>Om du ber om tilbakestilling av passord vil din IP-adresse tas med i e-post om tilbakestilling.<\/p>\n\n\n\n<h2 class=\"wp-block-heading\">Hvor lenge vi oppbevarer opplysninger om deg<\/h2>\n\n\n\n<p>Hvis du legger igjen en kommentar, blir kommentaren og informasjon om kommentaren lagret p\u00e5 ubestemt tid. Dette er for at vi kan gjenkjenne oppf\u00f8lgingskommentarer og godkjenne dem automatisk i stedet for \u00e5 legge dem i en k\u00f8 der de m\u00e5 godkjennes manuelt av en redakt\u00f8r.<\/p>\n\n\n\n<p>For brukere som registrerer seg p\u00e5 dette nettstedet (dersom denne muligheten eksisterer), lagres det ogs\u00e5 personopplysninger som de oppgir i brukerprofilen sin. Alle brukere kan se, redigere og slette sine egne personopplysninger n\u00e5r som helst (bortsett fra brukernavn). Nettstedets administratorer kan ogs\u00e5 se og redigere denne informasjonen.<\/p>\n\n\n\n<h2 class=\"wp-block-heading\">Rettighetene dine n\u00e5r det gjelder opplysninger om deg<\/h2>\n\n\n\n<p>Hvis du har en konto p\u00e5 dette nettstedet eller har lagt igjen kommentarer, kan du be om \u00e5 f\u00e5 en eksportfil som inneholder personopplysningene vi har om deg. Dette omfatter all data du har gitt oss. Du kan ogs\u00e5 be om at vi sletter alle personopplysninger vi har om deg. Dette omfatter ikke opplysninger vi er p\u00e5lagt \u00e5 lagre av administrative, juridiske eller sikkerhetsmessige \u00e5rsaker.<\/p>\n\n\n\n<h2 class=\"wp-block-heading\">Hvor dine opplysninger sendes<\/h2>\n\n\n\n<p>Bes\u00f8kendes kommentarer kan bli kontrollert gjennom en automatisk gjenkjennelsestjeneste mot s\u00f8ppelkommentarer.<\/p>\n\n\n\n<p><\/p>\n","protected":false},"excerpt":{"rendered":"<p>Sist oppdatert 27.10.2025 Hvem vi er Vi i B\u00e6nkers Studio er opptatt av \u00e5 beskytte personopplysningene dine \u2013 med respekt, ansvar og transparens. Denne erkl\u00e6ringen forklarer hvordan vi samler inn, bruker og beskytter informasjonen du gir oss n\u00e5r du bes\u00f8ker nettsiden v\u00e5r https:\/\/baenkersstudio.no. Kommentarer N\u00e5r du legger inn kommentarer p\u00e5 nettsiden, lagres informasjonen du oppgir [&hellip;]<\/p>\n","protected":false},"author":1,"featured_media":0,"parent":0,"menu_order":0,"comment_status":"closed","ping_status":"open","template":"","meta":{"pagelayer_contact_templates":[],"_pagelayer_content":"","footnotes":""},"class_list":["post-3","page","type-page","status-publish","hentry"],"featured_media_urls":[],"_links":{"self":[{"href":"https:\/\/baenkersstudio.no\/index.php?rest_route=\/wp\/v2\/pages\/3","targetHints":{"allow":["GET"]}}],"collection":[{"href":"https:\/\/baenkersstudio.no\/index.php?rest_route=\/wp\/v2\/pages"}],"about":[{"href":"https:\/\/baenkersstudio.no\/index.php?rest_route=\/wp\/v2\/types\/page"}],"author":[{"embeddable":true,"href":"https:\/\/baenkersstudio.no\/index.php?rest_route=\/wp\/v2\/users\/1"}],"replies":[{"embeddable":true,"href":"https:\/\/baenkersstudio.no\/index.php?rest_route=%2Fwp%2Fv2%2Fcomments&post=3"}],"version-history":[{"count":1,"href":"https:\/\/baenkersstudio.no\/index.php?rest_route=\/wp\/v2\/pages\/3\/revisions"}],"predecessor-version":[{"id":151,"href":"https:\/\/baenkersstudio.no\/index.php?rest_route=\/wp\/v2\/pages\/3\/revisions\/151"}],"wp:attachment":[{"href":"https:\/\/baenkersstudio.no\/index.php?rest_route=%2Fwp%2Fv2%2Fmedia&parent=3"}],"curies":[{"name":"wp","href":"https:\/\/api.w.org\/{rel}","templated":true}]}}